{"id":113,"date":"2017-12-16T21:32:08","date_gmt":"2017-12-16T20:32:08","guid":{"rendered":"http:\/\/domowykosciol.info\/?page_id=113"},"modified":"2017-12-16T21:32:08","modified_gmt":"2017-12-16T20:32:08","slug":"informacje","status":"publish","type":"page","link":"https:\/\/domowykosciolinfo.stronazen.pl\/?page_id=113","title":{"rendered":"Informacje"},"content":{"rendered":"<p><img decoding=\"async\" title=\"Domowy Ko\u015bci\u00f3\u0142\" src=\"http:\/\/domowykosciol.info\/wp-content\/uploads\/2017\/12\/dk-ikona.jpg\" alt=\"Domowy Ko\u015bci\u00f3\u0142\" \/><\/p>\n<h2>Ruch \u015awiat\u0142o-\u017bycie<\/h2>\n<p><img decoding=\"async\" loading=\"lazy\" src=\"http:\/\/domowykosciol.info\/wp-content\/uploads\/2017\/12\/foz-zoe.jpg\" alt=\"\" width=\"250\" height=\"261\" \/><\/p>\n<p>Ruch \u015awiat\u0142o-\u017bycie jest jednym z ruch\u00f3w odnowy Ko\u015bcio\u0142a wed\u0142ug nauczania Soboru Watyka\u0144skiego II.<\/p>\n<p>Gromadzi ludzi r\u00f3\u017cnego wieku i powo\u0142ania: m\u0142odzie\u017c, dzieci, doros\u0142ych, jak r\u00f3wnie\u017c kap\u0142an\u00f3w, zakonnik\u00f3w, zakonnice, cz\u0142onk\u00f3w instytut\u00f3w \u015bwieckich oraz rodziny.<\/p>\n<p>Wi\u0119cej informacji na temat Ruchu \u015awiat\u0142o-\u017bycie znajdziesz na stornie internetowej <a href=\"http:\/\/www.oaza.pl\" target=\"_blank\" rel=\"noopener\">www.oaza.pl<\/a>.<\/p>\n<h2>Domowy Ko\u015bci\u00f3\u0142<\/h2>\n<p><img decoding=\"async\" loading=\"lazy\" src=\"http:\/\/domowykosciol.info\/wp-content\/uploads\/2017\/12\/logo-dk.png\" sizes=\"(max-width: 190px) 100vw, 190px\" srcset=\"http:\/\/domowykosciol.info\/wp-content\/uploads\/2017\/12\/logo-dk.png 190w, http:\/\/domowykosciol.info\/wp-content\/uploads\/2017\/12\/logo-dk-150x150.png 150w\" alt=\"\" width=\"190\" height=\"190\" \/><\/p>\n<p>Domowy Ko\u015bci\u00f3\u0142, ga\u0142\u0105\u017a rodzinna Ruchu \u015awiat\u0142o-\u017bycie, pomaga ma\u0142\u017conkom \u017cyj\u0105cym w sakramencie ma\u0142\u017ce\u0144stwa czerpa\u0107 z \u0142aski i mocy tego sakramentu, uczy ich nim \u017cy\u0107 i celebrowa\u0107 go przez ca\u0142e \u017cycie.<\/p>\n<p>Wi\u0119cej informacji na temat Domowego Ko\u015bcio\u0142a znajdziesz na stornie internetowej <a href=\"http:\/\/www.oaza.pl\" target=\"_blank\" rel=\"noopener\">www.dk.oaza.pl<\/a>.<\/p>\n<h2>Krucjata Wyzwolenia Cz\u0142owieka<\/h2>\n<p><img decoding=\"async\" loading=\"lazy\" src=\"http:\/\/domowykosciol.info\/wp-content\/uploads\/2017\/12\/kwc-logo.jpg\" sizes=\"(max-width: 174px) 100vw, 174px\" srcset=\"http:\/\/domowykosciol.info\/wp-content\/uploads\/2017\/12\/kwc-logo.jpg 174w, http:\/\/domowykosciol.info\/wp-content\/uploads\/2017\/12\/kwc-logo-150x150.jpg 150w\" alt=\"\" width=\"174\" height=\"174\" \/><\/p>\n<p>Abstynencja od alkoholu w Krucjacie to osobisty dar, podj\u0119ty dobrowolnie z pobudek mi\u0142o\u015bci i odpowiedzialno\u015bci za dobro drugiego cz\u0142owieka.<\/p>\n<p>Wi\u0119cej informacji na temat Krucjaty Wyzwolenia Cz\u0142owieka znajdziesz na stornie internetowej <a href=\"http:\/\/www.oaza.pl\" target=\"_blank\" rel=\"noopener\">www.kwc.oaza.pl<\/a>.<\/p>\n","protected":false},"excerpt":{"rendered":"<p>Ruch \u015awiat\u0142o-\u017bycie Ruch \u015awiat\u0142o-\u017bycie jest jednym z ruch\u00f3w odnowy Ko\u015bcio\u0142a wed\u0142ug nauczania Soboru Watyka\u0144skiego II. Gromadzi ludzi r\u00f3\u017cnego wieku i powo\u0142ania: m\u0142odzie\u017c, dzieci, doros\u0142ych, jak r\u00f3wnie\u017c kap\u0142an\u00f3w, zakonnik\u00f3w, zakonnice, cz\u0142onk\u00f3w instytut\u00f3w \u015bwieckich oraz rodziny. Wi\u0119cej informacji na temat Ruchu \u015awiat\u0142o-\u017bycie znajdziesz na stornie internetowej www.oaza.pl. Domowy Ko\u015bci\u00f3\u0142 Domowy Ko\u015bci\u00f3\u0142, ga\u0142\u0105\u017a rodzinna Ruchu \u015awiat\u0142o-\u017bycie, pomaga ma\u0142\u017conkom&hellip;&nbsp;<a href=\"https:\/\/domowykosciolinfo.stronazen.pl\/?page_id=113\" class=\"\" rel=\"bookmark\">Czytaj dalej &raquo;<span class=\"screen-reader-text\">Informacje<\/span><\/a><\/p>\n","protected":false},"author":1,"featured_media":0,"parent":0,"menu_order":0,"comment_status":"closed","ping_status":"closed","template":"","meta":{"neve_meta_sidebar":"","neve_meta_container":"","neve_meta_enable_content_width":"","neve_meta_content_width":0,"neve_meta_title_alignment":"","neve_meta_author_avatar":"","neve_post_elements_order":"","neve_meta_disable_header":"","neve_meta_disable_footer":"","neve_meta_disable_title":""},"_links":{"self":[{"href":"https:\/\/domowykosciolinfo.stronazen.pl\/index.php?rest_route=\/wp\/v2\/pages\/113"}],"collection":[{"href":"https:\/\/domowykosciolinfo.stronazen.pl\/index.php?rest_route=\/wp\/v2\/pages"}],"about":[{"href":"https:\/\/domowykosciolinfo.stronazen.pl\/index.php?rest_route=\/wp\/v2\/types\/page"}],"author":[{"embeddable":true,"href":"https:\/\/domowykosciolinfo.stronazen.pl\/index.php?rest_route=\/wp\/v2\/users\/1"}],"replies":[{"embeddable":true,"href":"https:\/\/domowykosciolinfo.stronazen.pl\/index.php?rest_route=%2Fwp%2Fv2%2Fcomments&post=113"}],"version-history":[{"count":0,"href":"https:\/\/domowykosciolinfo.stronazen.pl\/index.php?rest_route=\/wp\/v2\/pages\/113\/revisions"}],"wp:attachment":[{"href":"https:\/\/domowykosciolinfo.stronazen.pl\/index.php?rest_route=%2Fwp%2Fv2%2Fmedia&parent=113"}],"curies":[{"name":"wp","href":"https:\/\/api.w.org\/{rel}","templated":true}]}}