{"id":127,"date":"2018-01-07T17:16:55","date_gmt":"2018-01-07T16:16:55","guid":{"rendered":"http:\/\/domowykosciol.info\/?page_id=127"},"modified":"2018-01-07T17:16:55","modified_gmt":"2018-01-07T16:16:55","slug":"rekolekcje-domowego-kosciola","status":"publish","type":"page","link":"https:\/\/domowykosciolinfo.stronazen.pl\/?page_id=127","title":{"rendered":"Rekolekcje Domowego Ko\u015bcio\u0142a"},"content":{"rendered":"<p><a href=\"http:\/\/www.dk.oaza.pl\/rekolekcje\/\" target=\"_blank\" rel=\"noopener\">Rekolekcje na stronie g\u0142\u00f3wnej Domowego Ko\u015bcio\u0142a<\/a><\/p>\n<p>Rekolekcje na stronach lokalnych:<\/p>\n<ul>\n<li><a name=\"m-bialostocka\"><\/a><strong>Metropolia bia\u0142ostocka<\/strong>\n<ul>\n<li><a href=\"http:\/\/oaza.bialystok.pl\/domowy-kosciol\/19-rekolekcje-2018\" target=\"_blank\" rel=\"noopener\">Archidiecezja bia\u0142ostocka<\/a><\/li>\n<li><a href=\"http:\/\/www.dkdrohiczyn.pl\/index.php\/rekolekcje\" target=\"_blank\" rel=\"noopener\">Diecezja drohiczy\u0144ska<\/a><\/li>\n<li><a href=\"http:\/\/www.lomza.oaza.pl\/zapisy\/\" target=\"_blank\" rel=\"noopener\">Diecezja \u0142om\u017cy\u0144ska<\/a><\/li>\n<\/ul>\n<\/li>\n<li><a name=\"m-czestochowska\"><\/a><strong>Metropolia cz\u0119stochowska<\/strong>\n<ul>\n<li><a href=\"http:\/\/cz.oaza.pl\/dkn\/index.php?option=com_content&amp;id=515\" target=\"_blank\" rel=\"noopener\">Archidiecezja cz\u0119stochowska<\/a><\/li>\n<li><a href=\"http:\/\/radom.oaza.pl\/dk\/\" target=\"_blank\" rel=\"noopener\">Diecezja radomska<\/a><\/li>\n<li><a href=\"http:\/\/www.sosnowiec.oaza.pl\/articles.php?cat_id=18\" target=\"_blank\" rel=\"noopener\">Diecezja sosnowiecka<\/a><\/li>\n<\/ul>\n<\/li>\n<li><strong><a name=\"m-gdanska\"><\/a>Metropolia gda\u0144ska<\/strong>\n<ul>\n<li><a href=\"http:\/\/gdansk.oaza.pl\/rekolekcje\/\" target=\"_blank\" rel=\"noopener\">Archidiecezja gda\u0144ska<\/a><\/li>\n<li><a href=\"http:\/\/pelplin.oaza.pl\/wydarzenia\/kategorie\/rekolekcje\/domowy-kosciol-rekolekcje\/\" target=\"_blank\" rel=\"noopener\">Diecezja pelpli\u0144ska<\/a><\/li>\n<li><a href=\"http:\/\/torun.oaza.pl\/rekolekcje\/\" target=\"_blank\" rel=\"noopener\">Diecezja toru\u0144ska<\/a><\/li>\n<\/ul>\n<\/li>\n<li><strong>Metropolia gnie\u017anie\u0144ska<\/strong>\n<ul>\n<li><a href=\"http:\/\/gniezno.oaza.pl\/rekolekcje\/\" target=\"_blank\" rel=\"noopener\">Archidiecezja gnie\u017anie\u0144ska<\/a><\/li>\n<li><a href=\"http:\/\/dk.bydgoszcz.pl\/rekolekcje\/\" target=\"_blank\" rel=\"noopener\">Diecezja bydgoska<\/a><\/li>\n<li><a href=\"http:\/\/wloclawek.oaza.pl\/\" target=\"_blank\" rel=\"noopener\">Diecezja w\u0142oc\u0142awska<\/a><\/li>\n<\/ul>\n<\/li>\n<li><strong>Metropolia katowicka<\/strong>\n<ul>\n<li><a href=\"http:\/\/katowice.oaza.pl\/domowy-kosciol\/rekolekcje-dk\" target=\"_blank\" rel=\"noopener\">Archidiecezja katowicka<\/a><\/li>\n<li><a href=\"http:\/\/gliwice.oaza.pl\/dk\/sites\/?cat=26\" target=\"_blank\" rel=\"noopener\">Diecezja gliwicka<\/a><\/li>\n<li><a href=\"http:\/\/www.opole.oaza.pl\/domowy-kosciol\/rekolekcje\" target=\"_blank\" rel=\"noopener\">Diecezja opolska<\/a><\/li>\n<\/ul>\n<\/li>\n<li><strong>Metropolia krakowska<\/strong>\n<ul>\n<li><a href=\"http:\/\/www.rdk.krakow.pl\/index.php\/rekolekcje\" target=\"_blank\" rel=\"noopener\">Archidiecezja krakowska<\/a><\/li>\n<li><a href=\"http:\/\/bz.oaza.pl\/index.php\/rekolekcje\" target=\"_blank\" rel=\"noopener\">Diecezja bielsko-\u017cywiecka<\/a><\/li>\n<li><a href=\"http:\/\/www.tarnow-oaza.pl\/rekolekcje\/oazy-wakacyjne\/dla-rodzin-i-osob-doroslych\" target=\"_blank\" rel=\"noopener\">Diecezja tarnowska<\/a><\/li>\n<\/ul>\n<\/li>\n<li><strong>Metropolia lubelska<\/strong>\n<ul>\n<li><a href=\"http:\/\/lublin.oaza.pl\/index.php\/rodziny\" target=\"_blank\" rel=\"noopener\">Archidiecezja lubelska<\/a><\/li>\n<li><a href=\"http:\/\/dk-sandomierz.pl\/category\/rekolekcje\" target=\"_blank\" rel=\"noopener\">Diecezja sandomierska<\/a><\/li>\n<li><a href=\"http:\/\/www.siedlce.oaza.pl\/rekolekcje-domowego-kosciola-20172018\" target=\"_blank\" rel=\"noopener\">Diecezja siedlecka<\/a><\/li>\n<\/ul>\n<\/li>\n<li><strong>Metropolia \u0142\u00f3dzka<\/strong>\n<ul>\n<li><a href=\"http:\/\/www.lodz.oaza.pl\/index.php\/domowy-kocio\/rekolekcje-domowego-kosciola\" target=\"_blank\" rel=\"noopener\">Archidiecezja \u0142\u00f3dzka<\/a><\/li>\n<li><a href=\"http:\/\/dk.lowicz.pl\/rekolekcje\/\" target=\"_blank\" rel=\"noopener\">Diecezja \u0142owicka<\/a><\/li>\n<\/ul>\n<\/li>\n<li><strong>Metropolia pozna\u0144ska<\/strong>\n<ul>\n<li><a href=\"http:\/\/www.poznan.oaza.pl\/dk\/rekolekcje-dk-2018\" target=\"_blank\" rel=\"noopener\">Archidiecezja pozna\u0144ska<\/a><\/li>\n<li><a href=\"http:\/\/www.kalisz.oaza.pl\/index.php\/terminarz\" target=\"_blank\" rel=\"noopener\">Diecezja kaliska<\/a><\/li>\n<\/ul>\n<\/li>\n<li><strong>Metropolia przemyska<\/strong>\n<ul>\n<li><a href=\"http:\/\/oaza.przemyska.pl\/rekolekcje-oaza-przemyska\/\" target=\"_blank\" rel=\"noopener\">Archidiecezja przemyska<\/a><\/li>\n<li><a href=\"http:\/\/rzeszow.oaza.pl\/dk\/rekolekcje\" target=\"_blank\" rel=\"noopener\">Diecezja rzeszowska<\/a><\/li>\n<li><a href=\"http:\/\/foska.pl\/rekolekcje-dk\/\" target=\"_blank\" rel=\"noopener\">Diecezja zamojsko-lubaczowska<\/a><\/li>\n<\/ul>\n<\/li>\n<li><strong>Metropolia szczeci\u0144sko-kamie\u0144ska<\/strong>\n<ul>\n<li><a href=\"http:\/\/www.szczecin.oaza.pl\/rekolekcje-formacyjne-2018\" target=\"_blank\" rel=\"noopener\">Archidiecezja szczeci\u0144sko-kamie\u0144ska<\/a><\/li>\n<li><a href=\"http:\/\/www.koszalin.oaza.pl\/zakladka\/zawartosc\/84\/rekolekcje\" target=\"_blank\" rel=\"noopener\">Diecezja koszali\u0144sko-ko\u0142obrzeska<\/a><\/li>\n<li>Diecezja zielonog\u00f3rsko-gorzowska\n<ul>\n<li><a href=\"http:\/\/www.dkzg.pl\/rekolekcje-letnie-2018\/\" target=\"_blank\" rel=\"noopener\">Rekolekcje wakacyjne<\/a><\/li>\n<li><a href=\"http:\/\/www.dkzg.pl\/rekolekcje-srodroczne-zaproszenie\/\" target=\"_blank\" rel=\"noopener\">Rekolekcje w ci\u0105gu roku<\/a><\/li>\n<\/ul>\n<\/li>\n<\/ul>\n<\/li>\n<li><strong>Metropolia warmi\u0144ska<\/strong>\n<ul>\n<li><a href=\"http:\/\/domowykosciol.olsztyn.pl\/?page_id=165\" target=\"_blank\" rel=\"noopener\">Archidiecezja warmi\u0144ska<\/a><\/li>\n<li><a href=\"http:\/\/dk.elblag.pl\/index.php?www=rekolekcje\" target=\"_blank\" rel=\"noopener\">Diecezja elbl\u0105ska<\/a><\/li>\n<li><a href=\"http:\/\/elk.oaza.pl\/dk\/?page_id=3591\" target=\"_blank\" rel=\"noopener\">Diecezja e\u0142cka<\/a><\/li>\n<\/ul>\n<\/li>\n<li><strong>Metropolia warszawska<\/strong>\n<ul>\n<li>Archidiecezja warszawska\n<ul>\n<li><a href=\"http:\/\/www.oaza.warszawa.pl\/dk\/v5\/index.php\/rekolekcje\/rekolekcje-wakacyjne\" target=\"_blank\" rel=\"noopener\">Rekolekcje wakacyjne<\/a><\/li>\n<li><a href=\"http:\/\/www.oaza.warszawa.pl\/dk\/v5\/index.php\/rekolekcje\/rekolekcje-rodroczne\" target=\"_blank\" rel=\"noopener\">Rekolekcje w ci\u0105gu roku<\/a><\/li>\n<\/ul>\n<\/li>\n<li><a href=\"http:\/\/domowykosciol-plock.pl\/idcat.php?f_id=423\" target=\"_blank\" rel=\"noopener\">Diecezja p\u0142ocka<\/a><\/li>\n<li><a href=\"http:\/\/wpraga.oaza.pl\/domowy-kosciol\/dk-rekolekcje\" target=\"_blank\" rel=\"noopener\">Diecezja warszawsko-praska<\/a><\/li>\n<\/ul>\n<\/li>\n<li><strong>Metropolia wroc\u0142awska<\/strong>\n<ul>\n<li>Archidiecezja wroc\u0142awska\n<ul>\n<li><a href=\"http:\/\/wroclaw.oaza.pl\/wydarzenia\/kategorie\/rekolekcje\/rekolekcje-formacyjne\/\" target=\"_blank\" rel=\"noopener\">Rekolekcje formacyjne<\/a><\/li>\n<li><a href=\"http:\/\/wroclaw.oaza.pl\/wydarzenia\/kategorie\/rekolekcje\/rekolekcje-tematyczne\/\" target=\"_blank\" rel=\"noopener\">Rekolekcje tematyczne<\/a><\/li>\n<\/ul>\n<\/li>\n<li>Diecezja legnicka\n<ul>\n<li><a href=\"https:\/\/www.dk.legnica.pl\/153-rekolekcje.html\" target=\"_blank\" rel=\"noopener\">Rekolekcje formacyjne<\/a><\/li>\n<li><a href=\"https:\/\/www.dk.legnica.pl\/rekolekcje\/rek_1.php\" target=\"_blank\" rel=\"noopener\">Zapisy<\/a><\/li>\n<\/ul>\n<\/li>\n<li><a href=\"http:\/\/www.swidnica.oaza.pl\/\" target=\"_blank\" rel=\"noopener\">Diecezja \u015bwidnicka<\/a><\/li>\n<\/ul>\n<\/li>\n<\/ul>\n","protected":false},"excerpt":{"rendered":"<p>Rekolekcje na stronie g\u0142\u00f3wnej Domowego Ko\u015bcio\u0142a Rekolekcje na stronach lokalnych: Metropolia bia\u0142ostocka Archidiecezja bia\u0142ostocka Diecezja drohiczy\u0144ska Diecezja \u0142om\u017cy\u0144ska Metropolia cz\u0119stochowska Archidiecezja cz\u0119stochowska Diecezja radomska Diecezja sosnowiecka Metropolia gda\u0144ska Archidiecezja gda\u0144ska Diecezja pelpli\u0144ska Diecezja toru\u0144ska Metropolia gnie\u017anie\u0144ska Archidiecezja gnie\u017anie\u0144ska Diecezja bydgoska Diecezja w\u0142oc\u0142awska Metropolia katowicka Archidiecezja katowicka Diecezja gliwicka Diecezja opolska Metropolia krakowska Archidiecezja krakowska Diecezja&hellip;&nbsp;<a href=\"https:\/\/domowykosciolinfo.stronazen.pl\/?page_id=127\" class=\"\" rel=\"bookmark\">Czytaj dalej &raquo;<span class=\"screen-reader-text\">Rekolekcje Domowego Ko\u015bcio\u0142a<\/span><\/a><\/p>\n","protected":false},"author":1,"featured_media":0,"parent":23,"menu_order":0,"comment_status":"closed","ping_status":"closed","template":"","meta":{"neve_meta_sidebar":"","neve_meta_container":"","neve_meta_enable_content_width":"","neve_meta_content_width":0,"neve_meta_title_alignment":"","neve_meta_author_avatar":"","neve_post_elements_order":"","neve_meta_disable_header":"","neve_meta_disable_footer":"","neve_meta_disable_title":""},"_links":{"self":[{"href":"https:\/\/domowykosciolinfo.stronazen.pl\/index.php?rest_route=\/wp\/v2\/pages\/127"}],"collection":[{"href":"https:\/\/domowykosciolinfo.stronazen.pl\/index.php?rest_route=\/wp\/v2\/pages"}],"about":[{"href":"https:\/\/domowykosciolinfo.stronazen.pl\/index.php?rest_route=\/wp\/v2\/types\/page"}],"author":[{"embeddable":true,"href":"https:\/\/domowykosciolinfo.stronazen.pl\/index.php?rest_route=\/wp\/v2\/users\/1"}],"replies":[{"embeddable":true,"href":"https:\/\/domowykosciolinfo.stronazen.pl\/index.php?rest_route=%2Fwp%2Fv2%2Fcomments&post=127"}],"version-history":[{"count":0,"href":"https:\/\/domowykosciolinfo.stronazen.pl\/index.php?rest_route=\/wp\/v2\/pages\/127\/revisions"}],"up":[{"embeddable":true,"href":"https:\/\/domowykosciolinfo.stronazen.pl\/index.php?rest_route=\/wp\/v2\/pages\/23"}],"wp:attachment":[{"href":"https:\/\/domowykosciolinfo.stronazen.pl\/index.php?rest_route=%2Fwp%2Fv2%2Fmedia&parent=127"}],"curies":[{"name":"wp","href":"https:\/\/api.w.org\/{rel}","templated":true}]}}