{"id":186,"date":"2018-02-04T13:42:30","date_gmt":"2018-02-04T12:42:30","guid":{"rendered":"http:\/\/domowykosciol.info\/?page_id=186"},"modified":"2018-02-04T13:42:30","modified_gmt":"2018-02-04T12:42:30","slug":"domowy-kosciol","status":"publish","type":"page","link":"https:\/\/domowykosciolinfo.stronazen.pl\/?page_id=186","title":{"rendered":"Domowy Ko\u015bci\u00f3\u0142"},"content":{"rendered":"<p><img decoding=\"async\" title=\"Domowy Ko\u015bci\u00f3\u0142\" src=\"http:\/\/domowykosciol.info\/wp-content\/uploads\/2017\/12\/dk-ikona.jpg\" alt=\"Domowy Ko\u015bci\u00f3\u0142\" \/><\/p>\n<h2>Domowy Ko\u015bci\u00f3\u0142<\/h2>\n<p><img decoding=\"async\" loading=\"lazy\" src=\"http:\/\/domowykosciol.info\/wp-content\/uploads\/2017\/12\/logo-dk.png\" sizes=\"(max-width: 190px) 100vw, 190px\" srcset=\"http:\/\/domowykosciol.info\/wp-content\/uploads\/2017\/12\/logo-dk.png 190w, http:\/\/domowykosciol.info\/wp-content\/uploads\/2017\/12\/logo-dk-150x150.png 150w\" alt=\"\" width=\"190\" height=\"190\" \/><\/p>\n<p>Domowy Ko\u015bci\u00f3\u0142, ga\u0142\u0105\u017a rodzinna Ruchu \u015awiat\u0142o-\u017bycie, pomaga ma\u0142\u017conkom \u017cyj\u0105cym w sakramencie ma\u0142\u017ce\u0144stwa czerpa\u0107 z \u0142aski i mocy tego sakramentu, uczy ich nim \u017cy\u0107 i celebrowa\u0107 go przez ca\u0142e \u017cycie.<\/p>\n<p>Wi\u0119cej informacji na temat Domowego Ko\u015bcio\u0142a znajdziesz na stornie internetowej <a href=\"http:\/\/www.oaza.pl\" target=\"_blank\" rel=\"noopener\">www.dk.oaza.pl<\/a>.<\/p>\n","protected":false},"excerpt":{"rendered":"<p>Domowy Ko\u015bci\u00f3\u0142 Domowy Ko\u015bci\u00f3\u0142, ga\u0142\u0105\u017a rodzinna Ruchu \u015awiat\u0142o-\u017bycie, pomaga ma\u0142\u017conkom \u017cyj\u0105cym w sakramencie ma\u0142\u017ce\u0144stwa czerpa\u0107 z \u0142aski i mocy tego sakramentu, uczy ich nim \u017cy\u0107 i celebrowa\u0107 go przez ca\u0142e \u017cycie. Wi\u0119cej informacji na temat Domowego Ko\u015bcio\u0142a znajdziesz na stornie internetowej www.dk.oaza.pl.<\/p>\n","protected":false},"author":1,"featured_media":0,"parent":113,"menu_order":0,"comment_status":"closed","ping_status":"closed","template":"","meta":{"neve_meta_sidebar":"","neve_meta_container":"","neve_meta_enable_content_width":"","neve_meta_content_width":0,"neve_meta_title_alignment":"","neve_meta_author_avatar":"","neve_post_elements_order":"","neve_meta_disable_header":"","neve_meta_disable_footer":"","neve_meta_disable_title":""},"_links":{"self":[{"href":"https:\/\/domowykosciolinfo.stronazen.pl\/index.php?rest_route=\/wp\/v2\/pages\/186"}],"collection":[{"href":"https:\/\/domowykosciolinfo.stronazen.pl\/index.php?rest_route=\/wp\/v2\/pages"}],"about":[{"href":"https:\/\/domowykosciolinfo.stronazen.pl\/index.php?rest_route=\/wp\/v2\/types\/page"}],"author":[{"embeddable":true,"href":"https:\/\/domowykosciolinfo.stronazen.pl\/index.php?rest_route=\/wp\/v2\/users\/1"}],"replies":[{"embeddable":true,"href":"https:\/\/domowykosciolinfo.stronazen.pl\/index.php?rest_route=%2Fwp%2Fv2%2Fcomments&post=186"}],"version-history":[{"count":0,"href":"https:\/\/domowykosciolinfo.stronazen.pl\/index.php?rest_route=\/wp\/v2\/pages\/186\/revisions"}],"up":[{"embeddable":true,"href":"https:\/\/domowykosciolinfo.stronazen.pl\/index.php?rest_route=\/wp\/v2\/pages\/113"}],"wp:attachment":[{"href":"https:\/\/domowykosciolinfo.stronazen.pl\/index.php?rest_route=%2Fwp%2Fv2%2Fmedia&parent=186"}],"curies":[{"name":"wp","href":"https:\/\/api.w.org\/{rel}","templated":true}]}}