{"id":190,"date":"2018-02-04T13:44:30","date_gmt":"2018-02-04T12:44:30","guid":{"rendered":"http:\/\/domowykosciol.info\/?page_id=190"},"modified":"2018-02-04T13:44:30","modified_gmt":"2018-02-04T12:44:30","slug":"krucjata-wyzwolenia-czlowieka","status":"publish","type":"page","link":"https:\/\/domowykosciolinfo.stronazen.pl\/?page_id=190","title":{"rendered":"Krucjata Wyzwolenia Cz\u0142owieka"},"content":{"rendered":"<p><img decoding=\"async\" title=\"Domowy Ko\u015bci\u00f3\u0142\" src=\"http:\/\/domowykosciol.info\/wp-content\/uploads\/2017\/12\/dk-ikona.jpg\" alt=\"Domowy Ko\u015bci\u00f3\u0142\" \/><\/p>\n<h2>Krucjata Wyzwolenia Cz\u0142owieka<\/h2>\n<p><img decoding=\"async\" loading=\"lazy\" src=\"http:\/\/domowykosciol.info\/wp-content\/uploads\/2017\/12\/kwc-logo.jpg\" sizes=\"(max-width: 174px) 100vw, 174px\" srcset=\"http:\/\/domowykosciol.info\/wp-content\/uploads\/2017\/12\/kwc-logo.jpg 174w, http:\/\/domowykosciol.info\/wp-content\/uploads\/2017\/12\/kwc-logo-150x150.jpg 150w\" alt=\"\" width=\"174\" height=\"174\" \/><\/p>\n<p>Abstynencja od alkoholu w Krucjacie to osobisty dar, podj\u0119ty dobrowolnie z pobudek mi\u0142o\u015bci i odpowiedzialno\u015bci za dobro drugiego cz\u0142owieka.<\/p>\n<p>Wi\u0119cej informacji na temat Krucjaty Wyzwolenia Cz\u0142owieka znajdziesz na stornie internetowej <a href=\"http:\/\/www.oaza.pl\" target=\"_blank\" rel=\"noopener\">www.kwc.oaza.pl<\/a>.<\/p>\n","protected":false},"excerpt":{"rendered":"<p>Krucjata Wyzwolenia Cz\u0142owieka Abstynencja od alkoholu w Krucjacie to osobisty dar, podj\u0119ty dobrowolnie z pobudek mi\u0142o\u015bci i odpowiedzialno\u015bci za dobro drugiego cz\u0142owieka. Wi\u0119cej informacji na temat Krucjaty Wyzwolenia Cz\u0142owieka znajdziesz na stornie internetowej www.kwc.oaza.pl.<\/p>\n","protected":false},"author":1,"featured_media":0,"parent":113,"menu_order":0,"comment_status":"closed","ping_status":"closed","template":"","meta":{"neve_meta_sidebar":"","neve_meta_container":"","neve_meta_enable_content_width":"","neve_meta_content_width":0,"neve_meta_title_alignment":"","neve_meta_author_avatar":"","neve_post_elements_order":"","neve_meta_disable_header":"","neve_meta_disable_footer":"","neve_meta_disable_title":""},"_links":{"self":[{"href":"https:\/\/domowykosciolinfo.stronazen.pl\/index.php?rest_route=\/wp\/v2\/pages\/190"}],"collection":[{"href":"https:\/\/domowykosciolinfo.stronazen.pl\/index.php?rest_route=\/wp\/v2\/pages"}],"about":[{"href":"https:\/\/domowykosciolinfo.stronazen.pl\/index.php?rest_route=\/wp\/v2\/types\/page"}],"author":[{"embeddable":true,"href":"https:\/\/domowykosciolinfo.stronazen.pl\/index.php?rest_route=\/wp\/v2\/users\/1"}],"replies":[{"embeddable":true,"href":"https:\/\/domowykosciolinfo.stronazen.pl\/index.php?rest_route=%2Fwp%2Fv2%2Fcomments&post=190"}],"version-history":[{"count":0,"href":"https:\/\/domowykosciolinfo.stronazen.pl\/index.php?rest_route=\/wp\/v2\/pages\/190\/revisions"}],"up":[{"embeddable":true,"href":"https:\/\/domowykosciolinfo.stronazen.pl\/index.php?rest_route=\/wp\/v2\/pages\/113"}],"wp:attachment":[{"href":"https:\/\/domowykosciolinfo.stronazen.pl\/index.php?rest_route=%2Fwp%2Fv2%2Fmedia&parent=190"}],"curies":[{"name":"wp","href":"https:\/\/api.w.org\/{rel}","templated":true}]}}