{"id":23,"date":"2017-12-09T19:42:40","date_gmt":"2017-12-09T18:42:40","guid":{"rendered":"http:\/\/domowykosciol.info\/?page_id=23"},"modified":"2017-12-09T19:42:40","modified_gmt":"2017-12-09T18:42:40","slug":"rekolekcje","status":"publish","type":"page","link":"https:\/\/domowykosciolinfo.stronazen.pl\/?page_id=23","title":{"rendered":"Rekolekcje"},"content":{"rendered":"<p>Do istoty pracy formacyjnej w kr\u0119gach nale\u017cy r\u00f3wnie\u017c uczestnictwo w r\u00f3\u017cnego rodzaju rekolekcjach organizowanych przez DK: rekolekcjach 15-dniowych I, II, III stopnia (oazach rodzin), kilkudniowych Oazach Rekolekcyjnych Animator\u00f3w Rodzin (ORAR I i II stopnia), rekolekcjach ewangelizacyjnych i tematycznych.<\/p>\n<p>Rekolekcje te przeznaczone s\u0105 dla ma\u0142\u017conk\u00f3w wraz z dzie\u0107mi, je\u015bli nie ma przeszk\u00f3d organizacyjnych. Na rekolekcjach (zw\u0142aszcza 15-dniowych) powinien by\u0107 realizowany tak\u017ce program formacyjny dla dzieci.<\/p>\n<p>Program <strong>Oazy I stopnia<\/strong> ma charakter ewangelizacyjno-katechumenalny; omawiane s\u0105 r\u00f3wnie\u017c zagadnienia z zakresu duchowo\u015bci ma\u0142\u017ce\u0144skiej.<\/p>\n<p><strong>Oaza II stopnia<\/strong> rozwija biblijne podstawy inicjacji liturgicznej; omawiane jest r\u00f3wnie\u017c prze\u017cywanie okres\u00f3w liturgicznych w rodzinie.<\/p>\n<p><strong>Oaza III stopnia<\/strong> ukazuje rzeczywisto\u015b\u0107 Ko\u015bcio\u0142a jako wsp\u00f3lnoty.<\/p>\n<p><strong>ORAR I stopnia<\/strong> pog\u0142\u0119bia rozumienie istoty, celu, duchowo\u015bci i metody DK jako nurtu wsp\u00f3lnot rodzinnych w ramach Ruchu \u015awiat\u0142o-\u017bycie.<\/p>\n<p><strong>ORAR II stopnia<\/strong> przygotowuje ma\u0142\u017ce\u0144stwa do \u015bwiadomego podj\u0119cia pos\u0142ugi pary animatorskiej, ukazuj\u0105c wag\u0119 i odpowiedzialno\u015b\u0107 zada\u0144 animator\u00f3w.<\/p>\n<p>Formacj\u0119 podstawow\u0105 stanowi prze\u017cycie temat\u00f3w formacyjnych wed\u0142ug podr\u0119cznik\u00f3w I i II roku pracy, oazy rekolekcyjnej I, II i III stopnia oraz ORAR I i II stopnia.<\/p>\n<p>Cz\u0142onkowie DK po prze\u017cyciu formacji podstawowej podejmuj\u0105 formacj\u0119 permanentn\u0105 poprzez:<\/p>\n<ul>\n<li>ci\u0105g\u0142e pog\u0142\u0119bianie formacji podstawowej,<\/li>\n<li>realizacj\u0119 na spotkaniach miesi\u0119cznych temat\u00f3w wed\u0142ug materia\u0142\u00f3w proponowanych przez Centraln\u0105 Diakoni\u0119 DK lub wed\u0142ug w\u0142asnego wyboru,<\/li>\n<li>udzia\u0142 w rekolekcjach i sesjach tematycznych DK,<\/li>\n<li>Triduum Paschalne prze\u017cywane w formie rekolekcyjnej we w\u0142asnej parafii albo wyjazdowe,<\/li>\n<li>uczestnictwo w ORD,<\/li>\n<li>udzia\u0142 w rekolekcjach organizowanych przez R\u015a-\u017b i innych.<\/li>\n<\/ul>\n<p>Warto zapozna\u0107 si\u0119 z bogat\u0105 ofert\u0105\u00a0<a href=\"http:\/\/domowykosciol.info\/rekolekcje\/rekolekcje-domowego-kosciola\/\">rekolekcji przygotowanych przez poszczeg\u00f3lne diecezje DK<\/a>.<\/p>\n","protected":false},"excerpt":{"rendered":"<p>Do istoty pracy formacyjnej w kr\u0119gach nale\u017cy r\u00f3wnie\u017c uczestnictwo w r\u00f3\u017cnego rodzaju rekolekcjach organizowanych przez DK: rekolekcjach 15-dniowych I, II, III stopnia (oazach rodzin), kilkudniowych Oazach Rekolekcyjnych Animator\u00f3w Rodzin (ORAR I i II stopnia), rekolekcjach ewangelizacyjnych i tematycznych. Rekolekcje te przeznaczone s\u0105 dla ma\u0142\u017conk\u00f3w wraz z dzie\u0107mi, je\u015bli nie ma przeszk\u00f3d organizacyjnych. Na rekolekcjach (zw\u0142aszcza&hellip;&nbsp;<a href=\"https:\/\/domowykosciolinfo.stronazen.pl\/?page_id=23\" class=\"\" rel=\"bookmark\">Czytaj dalej &raquo;<span class=\"screen-reader-text\">Rekolekcje<\/span><\/a><\/p>\n","protected":false},"author":1,"featured_media":0,"parent":0,"menu_order":0,"comment_status":"closed","ping_status":"closed","template":"","meta":{"neve_meta_sidebar":"","neve_meta_container":"","neve_meta_enable_content_width":"","neve_meta_content_width":0,"neve_meta_title_alignment":"","neve_meta_author_avatar":"","neve_post_elements_order":"","neve_meta_disable_header":"","neve_meta_disable_footer":"","neve_meta_disable_title":""},"_links":{"self":[{"href":"https:\/\/domowykosciolinfo.stronazen.pl\/index.php?rest_route=\/wp\/v2\/pages\/23"}],"collection":[{"href":"https:\/\/domowykosciolinfo.stronazen.pl\/index.php?rest_route=\/wp\/v2\/pages"}],"about":[{"href":"https:\/\/domowykosciolinfo.stronazen.pl\/index.php?rest_route=\/wp\/v2\/types\/page"}],"author":[{"embeddable":true,"href":"https:\/\/domowykosciolinfo.stronazen.pl\/index.php?rest_route=\/wp\/v2\/users\/1"}],"replies":[{"embeddable":true,"href":"https:\/\/domowykosciolinfo.stronazen.pl\/index.php?rest_route=%2Fwp%2Fv2%2Fcomments&post=23"}],"version-history":[{"count":0,"href":"https:\/\/domowykosciolinfo.stronazen.pl\/index.php?rest_route=\/wp\/v2\/pages\/23\/revisions"}],"wp:attachment":[{"href":"https:\/\/domowykosciolinfo.stronazen.pl\/index.php?rest_route=%2Fwp%2Fv2%2Fmedia&parent=23"}],"curies":[{"name":"wp","href":"https:\/\/api.w.org\/{rel}","templated":true}]}}