{"id":237,"date":"2018-02-21T21:35:21","date_gmt":"2018-02-21T20:35:21","guid":{"rendered":"http:\/\/domowykosciol.info\/?page_id=237"},"modified":"2018-02-21T21:35:21","modified_gmt":"2018-02-21T20:35:21","slug":"znak-i-piosenka-roku","status":"publish","type":"page","link":"https:\/\/domowykosciolinfo.stronazen.pl\/?page_id=237","title":{"rendered":"Znak i Piosenka Roku"},"content":{"rendered":"<p><strong>Jaka jest rola tego szczeg\u00f3lnego \u015bpiewu, nazywanego piosenk\u0105 roku w\u00a0tradycji Ruchu?<\/strong><\/p>\n<p>Mo\u017ce trzeba i\u00a0warto postawi\u0107 sobie pytanie, jaka jest rola tego szczeg\u00f3lnego \u015bpiewu, nazywanego<strong>\u00a0piosenk\u0105 roku<\/strong>\u00a0w\u00a0tradycji Ruchu. Jak wygl\u0105da\u0142y w\u00a0przesz\u0142o\u015bci, jaka jest ich historia.<br \/> Zwyczaj proponowania\u00a0piosenki roku datuje si\u0119 od roku 1973 (por. M. Paluch, Zarys historii Ruchu \u015awiat\u0142o-\u017bycie, wyd. \u015awiat\u0142o-\u017bycie Lublin-Krak\u00f3w 1998, s.149-150). (\u2026) Zawsze pr\u00f3bowano je dobiera\u0107 do tematu Oazy \u017bywego Ko\u015bcio\u0142a czy has\u0142a danego roku pracy formacyjnej Ruchu \u015awiat\u0142o-\u017bycie. Taki by\u0142 zamys\u0142 Za\u0142o\u017cyciela Ruchu, s\u0142ugi Bo\u017cego ks. Franciszka Blachnickiego. Przez pierwsze 17 lat nie by\u0142y to kompozycje, kt\u00f3re powstawa\u0142y w\u00a0Ruchu, lecz t\u0142umaczenia i\u00a0adaptacje przej\u0119te z\u00a0innych, rozbudzonych apostolsko \u015brodowisk. W\u00a0najlepszym przypadku t\u0142umaczami tych \u015bpiew\u00f3w by\u0142y osoby zwi\u0105zane wtedy \u015bci\u015ble z\u00a0Ruchem (ks. Stanis\u0142aw Bujnowski, s. Maria Stecka RSCJ, ks. Wojciech Danielski).<br \/> Pierwsza\u00a0w\u0142asna\u00a0piosenka roku, powsta\u0142a w\u00a0\u0142onie Ruchu, to kompozycja El\u017cbiety Maier pt.\u00a0<strong>O Matko z\u00a0Cz\u0119stochowskiego Wizerunku<\/strong>&#8230; z\u00a0roku\u00a01990\u00a0do s\u0142\u00f3w opartych na modlitwie ks. Franciszka Blachnickiego do Jasnog\u00f3rskiej Jutrzenki Wolno\u015bci, \u0179r\u00f3d\u0142a \u015bwiat\u0142a i\u00a0\u017cycia. Potem nast\u0119puj\u0105 jeszcze w\u00a0roku 1991 dwie pie\u015bni przej\u0119te z\u00a0mi\u0119dzynarodowego repertuaru wsp\u00f3lnot charyzmatyczno-ewangelizacyjnych oraz trzy pie\u015bni o\u00a0podobnej proweniencji w\u00a0latach 1992, 1993 i\u00a01995. W\u00a0roku\u00a01994\u00a0pojawia si\u0119 nast\u0119pny\u00a0w\u0142asny\u00a0utw\u00f3r, kolejna kompozycja E. Maier\u00a0\u2013\u00a0Ojcze nasz, mi\u0142o\u015b\u0107 daj&#8230; Od tego czasu datuje si\u0119 prze\u0142om, kt\u00f3rym mo\u017cna naprawd\u0119 si\u0119 cieszy\u0107. Pojawiaj\u0105 si\u0119 kompozycje\u00a0w\u0142asne\u00a0Ruchu, pisane przez jego cz\u0142onk\u00f3w lub te\u017c komponowane dla Ruchu na pro\u015bb\u0119 Odpowiedzialnych Ruchu. (&#8230;)<br \/> Z faktu nowej i\u00a0utrzymuj\u0105cej si\u0119 tradycji zwi\u0105zanej z\u00a0piosenkami roku z\u00a0ca\u0142\u0105 pewno\u015bci\u0105 nale\u017cy si\u0119 cieszy\u0107 i\u00a0jak najbardziej j\u0105 popiera\u0107.<br \/> Przygl\u0105daj\u0105c si\u0119 kompozycjom ostatnich lat (a nawet wcze\u015bniejszym propozycjom), trudno im tak naprawd\u0119 przyzna\u0107 status\u00a0piosenki.\u00a0Piosenka\u00a0kojarzy si\u0119 nam przecie\u017c z\u00a0czym\u015b pogodnym, niefrasobliwym, mo\u017ce nawet pi\u0119knym i\u00a0porywaj\u0105cym \u2013 ale niekoniecznie podejmuj\u0105cym zasadnicze tematy naszego \u017cycia z\u00a0Bogiem, naszej wiary, naszej odpowiedzialno\u015bci w\u00a0Ko\u015bciele, ewangelizacji. By\u0107 mo\u017ce tak\u017ce w\u00a0tej kwestii warto us\u0142ysze\u0107 zaproszenie Ojca \u015awi\u0119tego \u2013\u00a0Wyp\u0142y\u0144 na g\u0142\u0119bi\u0119&#8230; Nie wiem, jakie tematy formacyjne b\u0119d\u0105\u00a0zadane\u00a0naszemu Ruchowi w\u00a0najbli\u017cszych latach, ale z\u00a0pewno\u015bci\u0105 b\u0119d\u0105 to sprawy pozostaj\u0105ce w\u00a0harmonii z\u00a0zach\u0119tami Ko\u015bcio\u0142a, z\u00a0podejmowaniem wyzwa\u0144 nowego tysi\u0105clecia; b\u0119d\u0105ce\u00a0rezonansem\u00a0tego, co objawi Duch \u015awi\u0119ty Ko\u015bcio\u0142owi, a\u00a0w\u00a0nim r\u00f3wnie\u017c naszemu Ruchowi.<br \/> Osobi\u015bcie sugerowa\u0142abym, by nie m\u00f3wi\u0107 o\u00a0piosence\u00a0roku, czy mo\u017ce nawet nie o\u00a0pie\u015bni\u00a0(to mog\u0142oby budzi\u0107 liturgiczne skojarzenia\u2026 cho\u0107 niekt\u00f3re z\u00a0nich mog\u0142yby by\u0107 r\u00f3wnie\u017c wykonywane w\u00a0ramach liturgii!), ale po prostu o\u00a0\u015bpiewie\u00a0roku. Takie okre\u015blenie odpowiada\u0142oby bardziej prawdzie, jak wskazuje dotychczasowe do\u015bwiadczenie i\u00a0dawa\u0142oby wi\u0119ksz\u0105 swobod\u0119 autorom tekstu i\u00a0opracowania muzycznego.<\/p>\n<p>Gizela Skop<br \/> fragmenty tekstu opublikowanego\u00a0w\u00a0Oazie nr 64, listopad-grudzie\u0144 2003<\/p>\n<h2>Historia Piosenki Roku Oazy \u017bywego Ko\u015bcio\u0142a<\/h2>\n<h2>2018-2019<\/h2>\n<p>\t\t\t\t\t\t\t\t\t\t\t<a href=\"http:\/\/domowykosciol.info\/informacje\/znak-i-piosenka-roku-2018-2019\/\" data-elementor-open-lightbox=\"\"><br \/>\n\t\t\t\t\t\t\t<img decoding=\"async\" loading=\"lazy\" width=\"300\" height=\"300\" src=\"http:\/\/domowykosciol.info\/wp-content\/uploads\/2018\/09\/znak-2018-2019.jpg\" alt=\"\" srcset=\"http:\/\/domowykosciol.info\/wp-content\/uploads\/2018\/09\/znak-2018-2019.jpg 300w, http:\/\/domowykosciol.info\/wp-content\/uploads\/2018\/09\/znak-2018-2019-150x150.jpg 150w, http:\/\/domowykosciol.info\/wp-content\/uploads\/2018\/09\/znak-2018-2019-250x250.jpg 250w, http:\/\/domowykosciol.info\/wp-content\/uploads\/2018\/09\/znak-2018-2019-174x174.jpg 174w\" sizes=\"(max-width: 300px) 100vw, 300px\" \/>\t\t\t\t\t\t\t\t<\/a><br \/>\n\t\t<a href=\"http:\/\/domowykosciol.info\/informacje\/znak-i-piosenka-roku-2018-2019\/\">Zobacz wi\u0119cej&#8230;<\/a>https:\/\/youtu.be\/ihFazJbecow\t\t<\/p>\n<h2>2017-2018<\/h2>\n<p>\t\t\t\t\t\t\t\t\t\t\t<a href=\"http:\/\/domowykosciol.info\/informacje\/znak-i-piosenka-roku-2017-2018\/\" data-elementor-open-lightbox=\"\"><br \/>\n\t\t\t\t\t\t\t<img decoding=\"async\" loading=\"lazy\" width=\"347\" height=\"400\" src=\"http:\/\/domowykosciol.info\/wp-content\/uploads\/2018\/02\/znak-2017-2018_400px.jpg\" alt=\"\" srcset=\"http:\/\/domowykosciol.info\/wp-content\/uploads\/2018\/02\/znak-2017-2018_400px.jpg 347w, http:\/\/domowykosciol.info\/wp-content\/uploads\/2018\/02\/znak-2017-2018_400px-260x300.jpg 260w\" sizes=\"(max-width: 347px) 100vw, 347px\" \/>\t\t\t\t\t\t\t\t<\/a><br \/>\n\t\t<a href=\"http:\/\/domowykosciol.info\/informacje\/znak-i-piosenka-roku-2017-2018\/\">Zobacz wi\u0119cej&#8230;<\/a>https:\/\/youtu.be\/2I3xcDM7Y9A\t\t<\/p>\n<h2>2016-2017<\/h2>\n<p>\t\t\t\t\t\t\t\t\t\t\t<a href=\"http:\/\/domowykosciol.info\/informacje\/znak-i-piosenka-roku-2016-2017\/\" data-elementor-open-lightbox=\"\"><br \/>\n\t\t\t\t\t\t\t<img decoding=\"async\" loading=\"lazy\" width=\"501\" height=\"707\" src=\"http:\/\/domowykosciol.info\/wp-content\/uploads\/2018\/02\/znak-2016-2017.jpg\" alt=\"\" srcset=\"http:\/\/domowykosciol.info\/wp-content\/uploads\/2018\/02\/znak-2016-2017.jpg 501w, http:\/\/domowykosciol.info\/wp-content\/uploads\/2018\/02\/znak-2016-2017-213x300.jpg 213w\" sizes=\"(max-width: 501px) 100vw, 501px\" \/>\t\t\t\t\t\t\t\t<\/a><\/p>\n<p><a href=\"http:\/\/domowykosciol.info\/informacje\/znak-i-piosenka-roku-2016-2017\/\" data-wplink-edit=\"true\">Zobacz wi\u0119cej&#8230;<\/a><\/p>\n<p>https:\/\/youtu.be\/joBSdPV3oMo\t\t<\/p>\n<h2>2015-2016<\/h2>\n<p>\t\t\t\t\t\t\t\t\t\t\t<a href=\"http:\/\/domowykosciol.info\/informacje\/znak-i-piosenka-roku-2015-2016\/\" data-elementor-open-lightbox=\"\"><br \/>\n\t\t\t\t\t\t\t<img decoding=\"async\" loading=\"lazy\" width=\"601\" height=\"707\" src=\"http:\/\/domowykosciol.info\/wp-content\/uploads\/2018\/02\/znak-2015-2016.jpg\" alt=\"\" srcset=\"http:\/\/domowykosciol.info\/wp-content\/uploads\/2018\/02\/znak-2015-2016.jpg 601w, http:\/\/domowykosciol.info\/wp-content\/uploads\/2018\/02\/znak-2015-2016-255x300.jpg 255w\" sizes=\"(max-width: 601px) 100vw, 601px\" \/>\t\t\t\t\t\t\t\t<\/a><\/p>\n<p><a href=\"http:\/\/domowykosciol.info\/informacje\/znak-i-piosenka-roku-2015-2016\/\">Zobacz wi\u0119cej&#8230;<\/a><\/p>\n<p>https:\/\/youtu.be\/udVyuH9tQlY\t\t<\/p>\n<h2>2014-2015<\/h2>\n<p>\t\t\t\t\t\t\t\t\t\t\t<a href=\"http:\/\/domowykosciol.info\/informacje\/znak-i-piosenka-roku-2014-2015\/\" data-elementor-open-lightbox=\"\"><br \/>\n\t\t\t\t\t\t\t<img decoding=\"async\" loading=\"lazy\" width=\"300\" height=\"300\" src=\"http:\/\/domowykosciol.info\/wp-content\/uploads\/2018\/02\/znak-2014-2015.jpg\" alt=\"\" srcset=\"http:\/\/domowykosciol.info\/wp-content\/uploads\/2018\/02\/znak-2014-2015.jpg 300w, http:\/\/domowykosciol.info\/wp-content\/uploads\/2018\/02\/znak-2014-2015-150x150.jpg 150w, http:\/\/domowykosciol.info\/wp-content\/uploads\/2018\/02\/znak-2014-2015-250x250.jpg 250w, http:\/\/domowykosciol.info\/wp-content\/uploads\/2018\/02\/znak-2014-2015-174x174.jpg 174w\" sizes=\"(max-width: 300px) 100vw, 300px\" \/>\t\t\t\t\t\t\t\t<\/a><\/p>\n<p><a href=\"http:\/\/domowykosciol.info\/informacje\/znak-i-piosenka-roku-2014-2015\/\">Zobacz wi\u0119cej&#8230;<\/a><\/p>\n<p>https:\/\/youtu.be\/Fc8-qKGCdbk\t\t<\/p>\n<h2>2013-2014<\/h2>\n<p>\t\t\t\t\t\t\t\t\t\t\t<a href=\"http:\/\/domowykosciol.info\/informacje\/znak-i-piosenka-roku-2013-2014\/\" data-elementor-open-lightbox=\"\"><br \/>\n\t\t\t\t\t\t\t<img decoding=\"async\" loading=\"lazy\" width=\"328\" height=\"416\" src=\"http:\/\/domowykosciol.info\/wp-content\/uploads\/2018\/02\/znak-2013-2014.jpg\" alt=\"\" srcset=\"http:\/\/domowykosciol.info\/wp-content\/uploads\/2018\/02\/znak-2013-2014.jpg 328w, http:\/\/domowykosciol.info\/wp-content\/uploads\/2018\/02\/znak-2013-2014-237x300.jpg 237w\" sizes=\"(max-width: 328px) 100vw, 328px\" \/>\t\t\t\t\t\t\t\t<\/a><\/p>\n<p><a href=\"http:\/\/domowykosciol.info\/informacje\/znak-i-piosenka-roku-2013-2014\/\">Zobacz wi\u0119cej&#8230;<\/a><\/p>\n<p>https:\/\/youtu.be\/Ffdlic6UbRY\t\t<\/p>\n<h2>2012-2013<\/h2>\n<p>\t\t\t\t\t\t\t\t\t\t\t<a href=\"http:\/\/domowykosciol.info\/informacje\/znak-i-piosenka-roku-2012-2013\/\" data-elementor-open-lightbox=\"\"><br \/>\n\t\t\t\t\t\t\t<img decoding=\"async\" loading=\"lazy\" width=\"239\" height=\"300\" src=\"http:\/\/domowykosciol.info\/wp-content\/uploads\/2018\/02\/znak-2012-2013.jpg\" alt=\"\" \/>\t\t\t\t\t\t\t\t<\/a><\/p>\n<p><a href=\"http:\/\/domowykosciol.info\/informacje\/znak-i-piosenka-roku-2012-2013\/\">Zobacz wi\u0119cej&#8230;<\/a><\/p>\n<p>https:\/\/youtu.be\/1zYzMbDAyj4\t\t<\/p>\n<h2>2011-2012<\/h2>\n<p>\t\t\t\t\t\t\t\t\t\t\t<a href=\"http:\/\/domowykosciol.info\/informacje\/znak-i-piosenka-roku-2011-2012\/\" data-elementor-open-lightbox=\"\"><br \/>\n\t\t\t\t\t\t\t<img decoding=\"async\" loading=\"lazy\" width=\"640\" height=\"640\" src=\"http:\/\/domowykosciol.info\/wp-content\/uploads\/2018\/02\/znak-2011-2012.jpg\" alt=\"\" srcset=\"http:\/\/domowykosciol.info\/wp-content\/uploads\/2018\/02\/znak-2011-2012.jpg 720w, http:\/\/domowykosciol.info\/wp-content\/uploads\/2018\/02\/znak-2011-2012-150x150.jpg 150w, http:\/\/domowykosciol.info\/wp-content\/uploads\/2018\/02\/znak-2011-2012-300x300.jpg 300w, http:\/\/domowykosciol.info\/wp-content\/uploads\/2018\/02\/znak-2011-2012-250x250.jpg 250w, http:\/\/domowykosciol.info\/wp-content\/uploads\/2018\/02\/znak-2011-2012-174x174.jpg 174w\" sizes=\"(max-width: 640px) 100vw, 640px\" \/>\t\t\t\t\t\t\t\t<\/a><\/p>\n<p><a href=\"http:\/\/domowykosciol.info\/informacje\/znak-i-piosenka-roku-2011-2012\/\">Zobacz wi\u0119cej&#8230;<\/a><\/p>\n<p>https:\/\/youtu.be\/e5Aw9kQ4pZQ\t\t<\/p>\n<h2>2010-2011<\/h2>\n<p>\t\t\t\t\t\t\t\t\t\t\t<a href=\"http:\/\/domowykosciol.info\/informacje\/znak-i-piosenka-roku-2010-2011\/\" data-elementor-open-lightbox=\"\"><br \/>\n\t\t\t\t\t\t\t<img decoding=\"async\" loading=\"lazy\" width=\"200\" height=\"182\" src=\"http:\/\/domowykosciol.info\/wp-content\/uploads\/2018\/03\/znak-2010-2011.jpg\" alt=\"\" \/>\t\t\t\t\t\t\t\t<\/a><\/p>\n<p><a href=\"http:\/\/domowykosciol.info\/informacje\/znak-i-piosenka-roku-2010-2011\/\">Zobacz wi\u0119cej&#8230;<\/a><\/p>\n<p>https:\/\/youtu.be\/R0JJxajpoGo\t\t<\/p>\n<h2>2009-2010<\/h2>\n<p>\t\t\t\t\t\t\t\t\t\t\t<a href=\"http:\/\/domowykosciol.info\/informacje\/znak-i-piosenka-roku-2009-2010\/\" data-elementor-open-lightbox=\"\"><br \/>\n\t\t\t\t\t\t\t<img decoding=\"async\" loading=\"lazy\" width=\"300\" height=\"300\" src=\"http:\/\/domowykosciol.info\/wp-content\/uploads\/2018\/03\/znak-2009-2010.jpg\" alt=\"\" srcset=\"http:\/\/domowykosciol.info\/wp-content\/uploads\/2018\/03\/znak-2009-2010.jpg 300w, http:\/\/domowykosciol.info\/wp-content\/uploads\/2018\/03\/znak-2009-2010-150x150.jpg 150w, http:\/\/domowykosciol.info\/wp-content\/uploads\/2018\/03\/znak-2009-2010-250x250.jpg 250w, http:\/\/domowykosciol.info\/wp-content\/uploads\/2018\/03\/znak-2009-2010-174x174.jpg 174w\" sizes=\"(max-width: 300px) 100vw, 300px\" \/>\t\t\t\t\t\t\t\t<\/a><\/p>\n<p><a href=\"http:\/\/domowykosciol.info\/informacje\/znak-i-piosenka-roku-2009-2010\/\">Zobacz wi\u0119cej&#8230;<\/a><\/p>\n<p>https:\/\/youtu.be\/QSbTP8X_Gx4\t\t<\/p>\n<h2>2008-2009<\/h2>\n<p>\t\t\t\t\t\t\t\t\t\t\t<a href=\"http:\/\/domowykosciol.info\/informacje\/znak-i-piosenka-roku-2008-2009\/\" data-elementor-open-lightbox=\"\"><br \/>\n\t\t\t\t\t\t\t<img decoding=\"async\" loading=\"lazy\" width=\"326\" height=\"272\" src=\"http:\/\/domowykosciol.info\/wp-content\/uploads\/2018\/03\/znak-2008-2009.jpg\" alt=\"\" srcset=\"http:\/\/domowykosciol.info\/wp-content\/uploads\/2018\/03\/znak-2008-2009.jpg 326w, http:\/\/domowykosciol.info\/wp-content\/uploads\/2018\/03\/znak-2008-2009-300x250.jpg 300w\" sizes=\"(max-width: 326px) 100vw, 326px\" \/>\t\t\t\t\t\t\t\t<\/a><\/p>\n<p><a href=\"http:\/\/domowykosciol.info\/informacje\/znak-i-piosenka-roku-2008-2009\/\">Zobacz wi\u0119cej&#8230;<\/a><\/p>\n<p>https:\/\/youtu.be\/RJheohQhNFM<\/p>\n","protected":false},"excerpt":{"rendered":"<p>Jaka jest rola tego szczeg\u00f3lnego \u015bpiewu, nazywanego piosenk\u0105 roku w\u00a0tradycji Ruchu? Mo\u017ce trzeba i\u00a0warto postawi\u0107 sobie pytanie, jaka jest rola tego szczeg\u00f3lnego \u015bpiewu, nazywanego\u00a0piosenk\u0105 roku\u00a0w\u00a0tradycji Ruchu. Jak wygl\u0105da\u0142y w\u00a0przesz\u0142o\u015bci, jaka jest ich historia. Zwyczaj proponowania\u00a0piosenki roku datuje si\u0119 od roku 1973 (por. M. Paluch, Zarys historii Ruchu \u015awiat\u0142o-\u017bycie, wyd. \u015awiat\u0142o-\u017bycie Lublin-Krak\u00f3w 1998, s.149-150). (\u2026) Zawsze&hellip;&nbsp;<a href=\"https:\/\/domowykosciolinfo.stronazen.pl\/?page_id=237\" class=\"\" rel=\"bookmark\">Czytaj dalej &raquo;<span class=\"screen-reader-text\">Znak i Piosenka Roku<\/span><\/a><\/p>\n","protected":false},"author":1,"featured_media":0,"parent":0,"menu_order":0,"comment_status":"closed","ping_status":"closed","template":"","meta":{"neve_meta_sidebar":"","neve_meta_container":"","neve_meta_enable_content_width":"","neve_meta_content_width":0,"neve_meta_title_alignment":"","neve_meta_author_avatar":"","neve_post_elements_order":"","neve_meta_disable_header":"","neve_meta_disable_footer":"","neve_meta_disable_title":""},"_links":{"self":[{"href":"https:\/\/domowykosciolinfo.stronazen.pl\/index.php?rest_route=\/wp\/v2\/pages\/237"}],"collection":[{"href":"https:\/\/domowykosciolinfo.stronazen.pl\/index.php?rest_route=\/wp\/v2\/pages"}],"about":[{"href":"https:\/\/domowykosciolinfo.stronazen.pl\/index.php?rest_route=\/wp\/v2\/types\/page"}],"author":[{"embeddable":true,"href":"https:\/\/domowykosciolinfo.stronazen.pl\/index.php?rest_route=\/wp\/v2\/users\/1"}],"replies":[{"embeddable":true,"href":"https:\/\/domowykosciolinfo.stronazen.pl\/index.php?rest_route=%2Fwp%2Fv2%2Fcomments&post=237"}],"version-history":[{"count":0,"href":"https:\/\/domowykosciolinfo.stronazen.pl\/index.php?rest_route=\/wp\/v2\/pages\/237\/revisions"}],"wp:attachment":[{"href":"https:\/\/domowykosciolinfo.stronazen.pl\/index.php?rest_route=%2Fwp%2Fv2%2Fmedia&parent=237"}],"curies":[{"name":"wp","href":"https:\/\/api.w.org\/{rel}","templated":true}]}}